{"id":107,"date":"2021-03-14T16:24:29","date_gmt":"2021-03-14T16:24:29","guid":{"rendered":"http:\/\/schneesport-schule.de\/?page_id=107"},"modified":"2026-01-12T14:33:39","modified_gmt":"2026-01-12T13:33:39","slug":"formulare","status":"publish","type":"page","link":"https:\/\/schneesport-schule.de\/?page_id=107","title":{"rendered":"Formulare"},"content":{"rendered":"<p>&nbsp;<\/p>\n<table style=\"height: 142px;\" width=\"539\">\n<tbody>\n<tr>\n<td width=\"101\"><strong>Diese beiden Dokumente m\u00fcssen unterschrieben an die VSaS geschickt werden<\/strong>!<\/td>\n<td width=\"101\"><\/td>\n<td width=\"101\"><a href=\"http:\/\/schneesport-schule.de\/wp-content\/uploads\/2025\/08\/Info_2026_Schulskikursleiter.pdf\">Info_2026_Schulskikursleiter<\/a><\/p>\n<p>Stand 20.8.2025<\/td>\n<\/tr>\n<tr>\n<td width=\"101\"><a href=\"http:\/\/schneesport-schule.de\/wp-content\/uploads\/2025\/05\/Belegzusage.docx\">Belegzusage_2026<\/a><\/p>\n<p><a href=\"http:\/\/schneesport-schule.de\/wp-content\/uploads\/2025\/08\/Busmeldung.pdf\">Busmeldung<\/a><\/p>\n<p>&nbsp;<\/td>\n<td width=\"101\">Belegzusage bis 30.9.2025 schicken (Siehe Dokument)<\/p>\n<p>Busanmeldung bis 8 Wochen vor der Fahrt<\/td>\n<td width=\"101\"><strong>Tarife Lifte Saison 2025\/2026<\/strong><\/p>\n<p><a href=\"http:\/\/schneesport-schule.de\/wp-content\/uploads\/2025\/08\/Tarife_2025_26-E-Wildkogel-Schuelergruppen.pdf\">Tarife_2025_26 E Wildkogel Sch\u00fclergruppen<\/a><\/td>\n<\/tr>\n<\/tbody>\n<\/table>\n<p><a href=\"http:\/\/schneesport-schule.de\/wp-content\/uploads\/2026\/01\/Antrag-Vorlage-Meldewesen.pdf\">Antrag Vorlage Meldewesen<\/a> &#8211;&gt; Befreiung Kurtaxe<\/p>\n<p><a href=\"http:\/\/schneesport-schule.de\/wp-content\/uploads\/2025\/06\/Skiverleih-2026-Schulverbund-VL-2025-2026.pdf\">Skiverleih 2026 Preise Schulverbund<\/a><\/p>\n<table>\n<tbody>\n<tr>\n<td width=\"201\"><a href=\"http:\/\/schneesport-schule.de\/wp-content\/uploads\/2024\/03\/656_Reisekostenabrechnung_Auslandsschul-und-Wanderfahrt-Externe.pdf\">Reisekostenformular f\u00fcr externe Begleitkr\u00e4fte<\/a>&#8211;&gt; Fahrtkostenerstattung f\u00fcr externe Skilehrer<\/td>\n<td width=\"201\"><a href=\"http:\/\/schneesport-schule.de\/wp-content\/uploads\/2022\/11\/6_Kontierungsblatt.pdf\">Kontierungsblatt<\/a><\/p>\n<p>Muss unbedingt ausgef\u00fcllt werden!!!<\/td>\n<td width=\"201\"><a href=\"http:\/\/schneesport-schule.de\/wp-content\/uploads\/2024\/03\/652_Reisekostenabrechnung_Auslandsschul-und-Wanderfahrt.pdf\">Reisekostenabrechnung Auslandsschul und_Wanderfahrt f\u00fcr Lehrkr\u00e4fte in Hessen<\/a><\/td>\n<\/tr>\n<tr>\n<td width=\"201\"><a href=\"http:\/\/schneesport-schule.de\/wp-content\/uploads\/2024\/03\/656_Ausfuellhinweise_Schul-_und_Wanderfahrt-In-_und_Ausland-Externe.pdf\">Ausf\u00fcllhinweise f\u00fcr die Abrechnung der Begleitkr\u00e4fte<\/a><\/td>\n<td width=\"201\"><\/td>\n<td width=\"201\"><a href=\"http:\/\/schneesport-schule.de\/wp-content\/uploads\/2024\/03\/652-1_Hinweise-Schul-und-Wanderfahrt_Ausland.pdf\">Ausf\u00fcllhinweise_Schul-_und_Wanderfahrt_Ausland<\/a><\/td>\n<\/tr>\n<\/tbody>\n<\/table>\n<p><strong>Wichter Hinweis zur Reisekostenabrechnung Lehrk\u00e4fte Hessen:<\/strong><\/p>\n<p>Ihr werdet massive Probleme beim Kontierungsblatt bekommen. Trick: Geht in das NZ\u00dcK und legt dort eine Abrechnung als DR_Dienstreise an. Gebt dort irgendwelche Daten ein, bis ihr zur Kontierung auf der letzten Seite gelangt. Dort findet ihr unter Kontierung die ganzen Angeben wie Buchsungskreis, Kostenstelle, Kostentr\u00e4ger usw&#8230;<\/p>\n<p>Schickt die Buchung auf gar keinen Fall \u00fcber NZ\u00dcK ab!<\/p>\n","protected":false},"excerpt":{"rendered":"<p>&nbsp; Diese beiden Dokumente m\u00fcssen unterschrieben an die VSaS geschickt werden! Info_2026_Schulskikursleiter Stand 20.8.2025 Belegzusage_2026 Busmeldung &nbsp; Belegzusage bis 30.9.2025 schicken (Siehe Dokument) Busanmeldung bis 8 Wochen vor der Fahrt Tarife Lifte Saison 2025\/2026 Tarife_2025_26 E Wildkogel Sch\u00fclergruppen Antrag Vorlage Meldewesen &#8211;&gt; Befreiung Kurtaxe Skiverleih 2026 Preise Schulverbund Reisekostenformular f\u00fcr externe Begleitkr\u00e4fte&#8211;&gt; Fahrtkostenerstattung f\u00fcr externe &hellip; <a href=\"https:\/\/schneesport-schule.de\/?page_id=107\" class=\"more-link\"><span class=\"screen-reader-text\">Formulare<\/span> weiterlesen <span class=\"meta-nav\">&rarr;<\/span><\/a><\/p>\n","protected":false},"author":1,"featured_media":0,"parent":21,"menu_order":1,"comment_status":"closed","ping_status":"closed","template":"","meta":{"footnotes":""},"class_list":["post-107","page","type-page","status-publish","hentry"],"jetpack-related-posts":[],"jetpack_sharing_enabled":true,"_links":{"self":[{"href":"https:\/\/schneesport-schule.de\/index.php?rest_route=\/wp\/v2\/pages\/107","targetHints":{"allow":["GET"]}}],"collection":[{"href":"https:\/\/schneesport-schule.de\/index.php?rest_route=\/wp\/v2\/pages"}],"about":[{"href":"https:\/\/schneesport-schule.de\/index.php?rest_route=\/wp\/v2\/types\/page"}],"author":[{"embeddable":true,"href":"https:\/\/schneesport-schule.de\/index.php?rest_route=\/wp\/v2\/users\/1"}],"replies":[{"embeddable":true,"href":"https:\/\/schneesport-schule.de\/index.php?rest_route=%2Fwp%2Fv2%2Fcomments&post=107"}],"version-history":[{"count":70,"href":"https:\/\/schneesport-schule.de\/index.php?rest_route=\/wp\/v2\/pages\/107\/revisions"}],"predecessor-version":[{"id":647,"href":"https:\/\/schneesport-schule.de\/index.php?rest_route=\/wp\/v2\/pages\/107\/revisions\/647"}],"up":[{"embeddable":true,"href":"https:\/\/schneesport-schule.de\/index.php?rest_route=\/wp\/v2\/pages\/21"}],"wp:attachment":[{"href":"https:\/\/schneesport-schule.de\/index.php?rest_route=%2Fwp%2Fv2%2Fmedia&parent=107"}],"curies":[{"name":"wp","href":"https:\/\/api.w.org\/{rel}","templated":true}]}}