{"id":34,"date":"2019-11-03T09:22:00","date_gmt":"2019-11-03T09:22:00","guid":{"rendered":"http:\/\/schneesport-schule.de\/?page_id=34"},"modified":"2021-12-16T17:55:15","modified_gmt":"2021-12-16T16:55:15","slug":"beitritt","status":"publish","type":"page","link":"https:\/\/schneesport-schule.de\/?page_id=34","title":{"rendered":"Beitritt"},"content":{"rendered":"<p>&nbsp;<\/p>\r\n\r\n<h4 class=\"wp-block-heading\">Wenn Sie uns als ordentliches oder f\u00f6rderndes Mitglied beitreten m\u00f6chten:<\/h4>\r\n\r\n\r\n\r\n<p>1. Laden Sie bitte die Beitritterkl\u00e4rung herunter: <a href=\"http:\/\/schneesport-schule.de\/wp-content\/uploads\/2021\/12\/Beitrittserklaerung-VSAS-2021.pdf\">Beitrittserkl\u00e4rung<\/a><\/p>\r\n\r\n\r\n\r\n<p>2. Schicken Sie diese bitte per mail an: ulrike.andrich@schneesport-schule.de<\/p>\r\n","protected":false},"excerpt":{"rendered":"<p>&nbsp; Wenn Sie uns als ordentliches oder f\u00f6rderndes Mitglied beitreten m\u00f6chten: 1. Laden Sie bitte die Beitritterkl\u00e4rung herunter: Beitrittserkl\u00e4rung 2. Schicken Sie diese bitte per mail an: ulrike.andrich@schneesport-schule.de<\/p>\n","protected":false},"author":1,"featured_media":0,"parent":0,"menu_order":0,"comment_status":"closed","ping_status":"closed","template":"","meta":{"footnotes":""},"class_list":["post-34","page","type-page","status-publish","hentry"],"jetpack-related-posts":[],"jetpack_sharing_enabled":true,"_links":{"self":[{"href":"https:\/\/schneesport-schule.de\/index.php?rest_route=\/wp\/v2\/pages\/34","targetHints":{"allow":["GET"]}}],"collection":[{"href":"https:\/\/schneesport-schule.de\/index.php?rest_route=\/wp\/v2\/pages"}],"about":[{"href":"https:\/\/schneesport-schule.de\/index.php?rest_route=\/wp\/v2\/types\/page"}],"author":[{"embeddable":true,"href":"https:\/\/schneesport-schule.de\/index.php?rest_route=\/wp\/v2\/users\/1"}],"replies":[{"embeddable":true,"href":"https:\/\/schneesport-schule.de\/index.php?rest_route=%2Fwp%2Fv2%2Fcomments&post=34"}],"version-history":[{"count":3,"href":"https:\/\/schneesport-schule.de\/index.php?rest_route=\/wp\/v2\/pages\/34\/revisions"}],"predecessor-version":[{"id":229,"href":"https:\/\/schneesport-schule.de\/index.php?rest_route=\/wp\/v2\/pages\/34\/revisions\/229"}],"wp:attachment":[{"href":"https:\/\/schneesport-schule.de\/index.php?rest_route=%2Fwp%2Fv2%2Fmedia&parent=34"}],"curies":[{"name":"wp","href":"https:\/\/api.w.org\/{rel}","templated":true}]}}