{"id":55,"date":"2019-11-03T09:46:20","date_gmt":"2019-11-03T09:46:20","guid":{"rendered":"http:\/\/schneesport-schule.de\/?page_id=55"},"modified":"2021-03-23T09:28:09","modified_gmt":"2021-03-23T08:28:09","slug":"uebungsleiter","status":"publish","type":"page","link":"https:\/\/schneesport-schule.de\/?page_id=55","title":{"rendered":"\u00dcbungsleiter"},"content":{"rendered":"\r\n<h4 class=\"wp-block-heading\">Fragen zu \u00dcbungsleitern<\/h4>\r\n\r\n\r\n\r\n<p>Klaus Bonadt (DSV Ausbilder) bildet f\u00fcr die Vereinigung Schneesport an Schulen \u00dcbungsleiter aus und kann so bei der Vermittlung von \u00dcbungsleitern f\u00fcr Schulskikurse helfen.<\/p>\r\n\r\n\r\n\r\n<p>Klaus Bonadt <br \/>Fortshausstr. 40, 65527 \u2013 Niedernhausen <br \/>Tel.: 06128 \u2013 947082 <br \/>Mail: <a href=\"mailto:klaus.bonadt@schneesport-schule.de\">klaus.bonadt@schneesport-schule.de<\/a><\/p>\r\n<p>&nbsp;<\/p>\r\n","protected":false},"excerpt":{"rendered":"<p>Fragen zu \u00dcbungsleitern Klaus Bonadt (DSV Ausbilder) bildet f\u00fcr die Vereinigung Schneesport an Schulen \u00dcbungsleiter aus und kann so bei der Vermittlung von \u00dcbungsleitern f\u00fcr Schulskikurse helfen. Klaus Bonadt Fortshausstr. 40, 65527 \u2013 Niedernhausen Tel.: 06128 \u2013 947082 Mail: klaus.bonadt@schneesport-schule.de &nbsp;<\/p>\n","protected":false},"author":1,"featured_media":0,"parent":0,"menu_order":0,"comment_status":"closed","ping_status":"closed","template":"","meta":{"footnotes":""},"class_list":["post-55","page","type-page","status-publish","hentry"],"jetpack-related-posts":[],"jetpack_sharing_enabled":true,"_links":{"self":[{"href":"https:\/\/schneesport-schule.de\/index.php?rest_route=\/wp\/v2\/pages\/55","targetHints":{"allow":["GET"]}}],"collection":[{"href":"https:\/\/schneesport-schule.de\/index.php?rest_route=\/wp\/v2\/pages"}],"about":[{"href":"https:\/\/schneesport-schule.de\/index.php?rest_route=\/wp\/v2\/types\/page"}],"author":[{"embeddable":true,"href":"https:\/\/schneesport-schule.de\/index.php?rest_route=\/wp\/v2\/users\/1"}],"replies":[{"embeddable":true,"href":"https:\/\/schneesport-schule.de\/index.php?rest_route=%2Fwp%2Fv2%2Fcomments&post=55"}],"version-history":[{"count":3,"href":"https:\/\/schneesport-schule.de\/index.php?rest_route=\/wp\/v2\/pages\/55\/revisions"}],"predecessor-version":[{"id":170,"href":"https:\/\/schneesport-schule.de\/index.php?rest_route=\/wp\/v2\/pages\/55\/revisions\/170"}],"wp:attachment":[{"href":"https:\/\/schneesport-schule.de\/index.php?rest_route=%2Fwp%2Fv2%2Fmedia&parent=55"}],"curies":[{"name":"wp","href":"https:\/\/api.w.org\/{rel}","templated":true}]}}